{"id":91097,"date":"2021-08-03T02:08:20","date_gmt":"2021-08-03T00:08:20","guid":{"rendered":"https:\/\/blog.alrisha.at\/blog\/?page_id=91097"},"modified":"2022-02-03T02:12:42","modified_gmt":"2022-02-03T01:12:42","slug":"ferry","status":"publish","type":"page","link":"https:\/\/blog.alrisha.at\/blog\/ueber-uns\/ferry\/","title":{"rendered":"Ferry"},"content":{"rendered":"<blockquote><p><a href=\"https:\/\/blog.alrisha.at\/blog\/wp-content\/uploads\/2021\/08\/DSCN1573.jpg\"><img decoding=\"async\" data-attachment-id=\"91098\" data-permalink=\"https:\/\/blog.alrisha.at\/blog\/ueber-uns\/ferry\/dscn1573\/\" data-orig-file=\"https:\/\/blog.alrisha.at\/blog\/wp-content\/uploads\/2021\/08\/DSCN1573.jpg\" data-orig-size=\"1024,768\" data-comments-opened=\"1\" data-image-meta=\"{&quot;aperture&quot;:&quot;4.1&quot;,&quot;credit&quot;:&quot;Picasa&quot;,&quot;camera&quot;:&quot;COOLPIX W300&quot;,&quot;caption&quot;:&quot;&quot;,&quot;created_timestamp&quot;:&quot;1627570017&quot;,&quot;copyright&quot;:&quot;&quot;,&quot;focal_length&quot;:&quot;4.3&quot;,&quot;iso&quot;:&quot;125&quot;,&quot;shutter_speed&quot;:&quot;0.000666666666667&quot;,&quot;title&quot;:&quot;&quot;,&quot;orientation&quot;:&quot;0&quot;}\" data-image-title=\"DSCN1573\" data-image-description=\"\" data-image-caption=\"\" data-large-file=\"https:\/\/blog.alrisha.at\/blog\/wp-content\/uploads\/2021\/08\/DSCN1573.jpg\" class=\"size-medium wp-image-91098 aligncenter\" src=\"https:\/\/blog.alrisha.at\/blog\/wp-content\/uploads\/2021\/08\/DSCN1573-300x225.jpg\" alt=\"\" width=\"300\" height=\"225\" srcset=\"https:\/\/blog.alrisha.at\/blog\/wp-content\/uploads\/2021\/08\/DSCN1573-300x225.jpg 300w, https:\/\/blog.alrisha.at\/blog\/wp-content\/uploads\/2021\/08\/DSCN1573-624x468.jpg 624w, https:\/\/blog.alrisha.at\/blog\/wp-content\/uploads\/2021\/08\/DSCN1573.jpg 1024w\" sizes=\"(max-width: 300px) 100vw, 300px\" \/><\/a><\/p>\n<p>&#8222;Ich bin am 15. M\u00e4rz 1963 im Sternbild der Fische geboren. Das Segeln habe ich in fr\u00fchen Jahren auf der alten Donau bei der <strong>Segelschule Hofbauer<\/strong> gelernt. Seit 1987 segle ich am Meer &#8211; mein erster T\u00f6rn war auf der &#8222;SY Mamola&#8220; von der <strong>Segelschule Grado<\/strong>. Nach einigen T\u00f6rns am Meer wusste ich, dass ich einmal ein eigenes Segelboot haben m\u00f6chte. Mit der S\/Y &#8222;<strong>My Way<\/strong>&#8220; gelang das auch. 12 wundersch\u00f6ne Saisonen am Neusiedlersee, Heimathafen M\u00f6rbisch, lie\u00dfen mich so wirklich gefallen daran finden. Der Wunsch nach einem &#8222;gro\u00dfen&#8220; Schiff am Meer wuchs stetig. Nicht nur bei mir, sondern auch bei <a href=\"https:\/\/blog.alrisha.at\/blog\/ueber-uns\/brigitte\/\">Brigitte<\/a>! Nach einem T\u00f6rn mit den Seenomaden im S\u00fcdatlantik wusste ich es muss eine Ovni sein. Damit ich auch unter dem Schiff was tun kann lernte ich 2003 bei <a href=\"https:\/\/www.seastar.at\" target=\"_blank\" rel=\"noopener\">Seastar<\/a> tauchen. Nun werde ich die Adria und das Mittelmeer auf eigenem Kiel erforschen &#8230;.&#8220;<\/p><\/blockquote>\n<p>So war es in etwa auf unserer &#8222;Homepage &#8211; \u00dcber uns&#8220; zu lesen. Seit 2016 befinde ich ich mit meiner lieben Frau Brigitte allerdings auf Langfahrt, gelegentlich unterbrochen von Reisen zur\u00fcck nach \u00d6sterreich um Familie, Freunde und Bekannte zu sehen und in unserem Haus nach dem Rechten zu sehen.<\/p>\n<p>Die Reise f\u00fchrte von der Adria ins westliche Mittelmeer, durch die Stra\u00dfe von Gibraltar zu den Kanaren. Von dort \u00fcber den Atlantik in die Karibik. Das lies mein Herz h\u00f6her schlagen, denn dort beginnt das &#8222;Living in the Paradise&#8220;! Via den ABC Inseln geht es weiter nach Kolumbien, Panama und durch den Kanal. Ecuador mit Landreise nach Peru wurden zu einem Highlight f\u00fcr mich. Wenn schon hier darf man an Galapogos auch nicht vorbei segeln, nicht? Dann weiter zur Osterinsel (Rapa Nui) und via Pitcairn (Meuterei auf der Bounty) ins Gambier Atoll.<\/p>\n<p>Franz\u00f6sisch-Polynesien ist derzeit meine\/unsere Ersatzheimat seit der Covid-19 Pandemie.<\/p>\n<p><strong>Was mir bisher am besten gefallen hat?<\/strong> Die Kanaren, eigentlich alle Inseln, die ich gesehen habe, besonders aber Teneriffa waren f\u00fcr mich der erste Kontrast zum &#8222;heimatlichen Revier Italien und Kroatien&#8220;. Dann die Karibik &#8211; man liebt sie oder man hasst sie. Ich liebe sie! Auch nicht allt\u00e4glich ist es mit dem eigenen Boot durch den Panama Kanal zu fahren. Ecuador, Peru war ebenfalls ein Highlight sowohl an Landschaft als auch an Kultur. Weitere H\u00f6hepunkte sind\u00a0 Galapagos, die Osterinsel, Pitcairn und nat\u00fcrlich Franz\u00f6sisch-Polynesien. Obwohl hier nur kurz aufgez\u00e4hlt k\u00f6nnte ich Romane dazu erz\u00e4hlen &#8230;<\/p>\n<p><strong>Ob ich mir vorstellen kann in einem bereisten Land zu Leben?<\/strong> Ja, Als Alterswohnsitz kann ich mir gut einen Teil in \u00d6sterreich und einen Teil in den Kanaren vorstellen. Auch Griechenland w\u00e4re eine \u00dcberlegung wert.<\/p>\n<p><strong>Wie es weiter geht?<\/strong> Kurz und pr\u00e4zise beantwortet: Keine Ahnung! Entweder der Westen \u00f6ffnet seine Grenzen, dann geht es weiter nach Neuseeland. Oder nicht, dann via Hawaii an die Westk\u00fcste von Amerika. Schaumermal! \ud83d\ude09<\/p>\n<p>Summa Summarum war es die beste Entscheidung auf Langfahrt zu gehen. Ich habe soviel tolles gesehen und erlebt und werde hoffentlich noch weitere L\u00e4nder bereisen k\u00f6nnen.<\/p>\n<p style=\"text-align: center;\"><span style=\"color: #0000ff;\"><strong>Alrisha, ein Seil \u2013 das uns Fische verbindet.<\/strong><\/span><\/p>\n","protected":false},"excerpt":{"rendered":"<p>&#8222;Ich bin am 15. M\u00e4rz 1963 im Sternbild der Fische geboren. Das Segeln habe ich in fr\u00fchen Jahren auf der alten Donau bei der Segelschule Hofbauer gelernt. Seit 1987 segle ich am Meer &#8211; mein erster T\u00f6rn war auf der &#8222;SY Mamola&#8220; von der Segelschule Grado. Nach einigen T\u00f6rns am Meer wusste ich, dass ich [&hellip;]<\/p>\n","protected":false},"author":2,"featured_media":0,"parent":91078,"menu_order":0,"comment_status":"closed","ping_status":"closed","template":"","meta":{"_crdt_document":"","jetpack_post_was_ever_published":false,"footnotes":""},"class_list":["post-91097","page","type-page","status-publish","hentry"],"yoast_head":"<!-- This site is optimized with the Yoast SEO plugin v27.4 - https:\/\/yoast.com\/product\/yoast-seo-wordpress\/ -->\n<title>Ferry - Alrisha&#039;s Blog<\/title>\n<meta name=\"robots\" content=\"index, follow, max-snippet:-1, max-image-preview:large, max-video-preview:-1\" \/>\n<link rel=\"canonical\" href=\"https:\/\/blog.alrisha.at\/blog\/ueber-uns\/ferry\/\" \/>\n<meta property=\"og:locale\" content=\"de_DE\" \/>\n<meta property=\"og:type\" content=\"article\" \/>\n<meta property=\"og:title\" content=\"Ferry - Alrisha&#039;s Blog\" \/>\n<meta property=\"og:description\" content=\"&#8222;Ich bin am 15. M\u00e4rz 1963 im Sternbild der Fische geboren. Das Segeln habe ich in fr\u00fchen Jahren auf der alten Donau bei der Segelschule Hofbauer gelernt. Seit 1987 segle ich am Meer &#8211; mein erster T\u00f6rn war auf der &#8222;SY Mamola&#8220; von der Segelschule Grado. Nach einigen T\u00f6rns am Meer wusste ich, dass ich [&hellip;]\" \/>\n<meta property=\"og:url\" content=\"https:\/\/blog.alrisha.at\/blog\/ueber-uns\/ferry\/\" \/>\n<meta property=\"og:site_name\" content=\"Alrisha&#039;s Blog\" \/>\n<meta property=\"article:modified_time\" content=\"2022-02-03T01:12:42+00:00\" \/>\n<meta property=\"og:image\" content=\"https:\/\/blog.alrisha.at\/blog\/wp-content\/uploads\/2021\/08\/DSCN1573-300x225.jpg\" \/>\n<meta name=\"twitter:card\" content=\"summary_large_image\" \/>\n<meta name=\"twitter:label1\" content=\"Gesch\u00e4tzte Lesezeit\" \/>\n\t<meta name=\"twitter:data1\" content=\"3\u00a0Minuten\" \/>\n<script type=\"application\/ld+json\" class=\"yoast-schema-graph\">{\"@context\":\"https:\\\/\\\/schema.org\",\"@graph\":[{\"@type\":\"WebPage\",\"@id\":\"https:\\\/\\\/blog.alrisha.at\\\/blog\\\/ueber-uns\\\/ferry\\\/\",\"url\":\"https:\\\/\\\/blog.alrisha.at\\\/blog\\\/ueber-uns\\\/ferry\\\/\",\"name\":\"Ferry - Alrisha&#039;s Blog\",\"isPartOf\":{\"@id\":\"https:\\\/\\\/blog.alrisha.at\\\/blog\\\/#website\"},\"primaryImageOfPage\":{\"@id\":\"https:\\\/\\\/blog.alrisha.at\\\/blog\\\/ueber-uns\\\/ferry\\\/#primaryimage\"},\"image\":{\"@id\":\"https:\\\/\\\/blog.alrisha.at\\\/blog\\\/ueber-uns\\\/ferry\\\/#primaryimage\"},\"thumbnailUrl\":\"https:\\\/\\\/blog.alrisha.at\\\/blog\\\/wp-content\\\/uploads\\\/2021\\\/08\\\/DSCN1573-300x225.jpg\",\"datePublished\":\"2021-08-03T00:08:20+00:00\",\"dateModified\":\"2022-02-03T01:12:42+00:00\",\"breadcrumb\":{\"@id\":\"https:\\\/\\\/blog.alrisha.at\\\/blog\\\/ueber-uns\\\/ferry\\\/#breadcrumb\"},\"inLanguage\":\"de\",\"potentialAction\":[{\"@type\":\"ReadAction\",\"target\":[\"https:\\\/\\\/blog.alrisha.at\\\/blog\\\/ueber-uns\\\/ferry\\\/\"]}]},{\"@type\":\"ImageObject\",\"inLanguage\":\"de\",\"@id\":\"https:\\\/\\\/blog.alrisha.at\\\/blog\\\/ueber-uns\\\/ferry\\\/#primaryimage\",\"url\":\"https:\\\/\\\/blog.alrisha.at\\\/blog\\\/wp-content\\\/uploads\\\/2021\\\/08\\\/DSCN1573.jpg\",\"contentUrl\":\"https:\\\/\\\/blog.alrisha.at\\\/blog\\\/wp-content\\\/uploads\\\/2021\\\/08\\\/DSCN1573.jpg\",\"width\":1024,\"height\":768},{\"@type\":\"BreadcrumbList\",\"@id\":\"https:\\\/\\\/blog.alrisha.at\\\/blog\\\/ueber-uns\\\/ferry\\\/#breadcrumb\",\"itemListElement\":[{\"@type\":\"ListItem\",\"position\":1,\"name\":\"Startseite\",\"item\":\"https:\\\/\\\/blog.alrisha.at\\\/blog\\\/\"},{\"@type\":\"ListItem\",\"position\":2,\"name\":\"\u00dcber uns\",\"item\":\"https:\\\/\\\/blog.alrisha.at\\\/blog\\\/ueber-uns\\\/\"},{\"@type\":\"ListItem\",\"position\":3,\"name\":\"Ferry\"}]},{\"@type\":\"WebSite\",\"@id\":\"https:\\\/\\\/blog.alrisha.at\\\/blog\\\/#website\",\"url\":\"https:\\\/\\\/blog.alrisha.at\\\/blog\\\/\",\"name\":\"Alrisha's Blog\",\"description\":\"Segeln und Reisen mit einer Alubat OVNI 435\",\"publisher\":{\"@id\":\"https:\\\/\\\/blog.alrisha.at\\\/blog\\\/#\\\/schema\\\/person\\\/a14f9bb0600b855612099346642e6222\"},\"potentialAction\":[{\"@type\":\"SearchAction\",\"target\":{\"@type\":\"EntryPoint\",\"urlTemplate\":\"https:\\\/\\\/blog.alrisha.at\\\/blog\\\/?s={search_term_string}\"},\"query-input\":{\"@type\":\"PropertyValueSpecification\",\"valueRequired\":true,\"valueName\":\"search_term_string\"}}],\"inLanguage\":\"de\"},{\"@type\":[\"Person\",\"Organization\"],\"@id\":\"https:\\\/\\\/blog.alrisha.at\\\/blog\\\/#\\\/schema\\\/person\\\/a14f9bb0600b855612099346642e6222\",\"name\":\"Alrisha Ovni 435\",\"image\":{\"@type\":\"ImageObject\",\"inLanguage\":\"de\",\"@id\":\"https:\\\/\\\/secure.gravatar.com\\\/avatar\\\/b43cfbd3974a76ff88ad31f91f8efe03248d98ea8ffe2a1195b7017a18d6feda?s=96&d=mm&r=r\",\"url\":\"https:\\\/\\\/secure.gravatar.com\\\/avatar\\\/b43cfbd3974a76ff88ad31f91f8efe03248d98ea8ffe2a1195b7017a18d6feda?s=96&d=mm&r=r\",\"contentUrl\":\"https:\\\/\\\/secure.gravatar.com\\\/avatar\\\/b43cfbd3974a76ff88ad31f91f8efe03248d98ea8ffe2a1195b7017a18d6feda?s=96&d=mm&r=r\",\"caption\":\"Alrisha Ovni 435\"},\"logo\":{\"@id\":\"https:\\\/\\\/secure.gravatar.com\\\/avatar\\\/b43cfbd3974a76ff88ad31f91f8efe03248d98ea8ffe2a1195b7017a18d6feda?s=96&d=mm&r=r\"},\"sameAs\":[\"https:\\\/\\\/www.alrisha.at\"]}]}<\/script>\n<!-- \/ Yoast SEO plugin. -->","yoast_head_json":{"title":"Ferry - Alrisha&#039;s Blog","robots":{"index":"index","follow":"follow","max-snippet":"max-snippet:-1","max-image-preview":"max-image-preview:large","max-video-preview":"max-video-preview:-1"},"canonical":"https:\/\/blog.alrisha.at\/blog\/ueber-uns\/ferry\/","og_locale":"de_DE","og_type":"article","og_title":"Ferry - Alrisha&#039;s Blog","og_description":"&#8222;Ich bin am 15. M\u00e4rz 1963 im Sternbild der Fische geboren. Das Segeln habe ich in fr\u00fchen Jahren auf der alten Donau bei der Segelschule Hofbauer gelernt. Seit 1987 segle ich am Meer &#8211; mein erster T\u00f6rn war auf der &#8222;SY Mamola&#8220; von der Segelschule Grado. Nach einigen T\u00f6rns am Meer wusste ich, dass ich [&hellip;]","og_url":"https:\/\/blog.alrisha.at\/blog\/ueber-uns\/ferry\/","og_site_name":"Alrisha&#039;s Blog","article_modified_time":"2022-02-03T01:12:42+00:00","og_image":[{"url":"https:\/\/blog.alrisha.at\/blog\/wp-content\/uploads\/2021\/08\/DSCN1573-300x225.jpg","type":"","width":"","height":""}],"twitter_card":"summary_large_image","twitter_misc":{"Gesch\u00e4tzte Lesezeit":"3\u00a0Minuten"},"schema":{"@context":"https:\/\/schema.org","@graph":[{"@type":"WebPage","@id":"https:\/\/blog.alrisha.at\/blog\/ueber-uns\/ferry\/","url":"https:\/\/blog.alrisha.at\/blog\/ueber-uns\/ferry\/","name":"Ferry - Alrisha&#039;s Blog","isPartOf":{"@id":"https:\/\/blog.alrisha.at\/blog\/#website"},"primaryImageOfPage":{"@id":"https:\/\/blog.alrisha.at\/blog\/ueber-uns\/ferry\/#primaryimage"},"image":{"@id":"https:\/\/blog.alrisha.at\/blog\/ueber-uns\/ferry\/#primaryimage"},"thumbnailUrl":"https:\/\/blog.alrisha.at\/blog\/wp-content\/uploads\/2021\/08\/DSCN1573-300x225.jpg","datePublished":"2021-08-03T00:08:20+00:00","dateModified":"2022-02-03T01:12:42+00:00","breadcrumb":{"@id":"https:\/\/blog.alrisha.at\/blog\/ueber-uns\/ferry\/#breadcrumb"},"inLanguage":"de","potentialAction":[{"@type":"ReadAction","target":["https:\/\/blog.alrisha.at\/blog\/ueber-uns\/ferry\/"]}]},{"@type":"ImageObject","inLanguage":"de","@id":"https:\/\/blog.alrisha.at\/blog\/ueber-uns\/ferry\/#primaryimage","url":"https:\/\/blog.alrisha.at\/blog\/wp-content\/uploads\/2021\/08\/DSCN1573.jpg","contentUrl":"https:\/\/blog.alrisha.at\/blog\/wp-content\/uploads\/2021\/08\/DSCN1573.jpg","width":1024,"height":768},{"@type":"BreadcrumbList","@id":"https:\/\/blog.alrisha.at\/blog\/ueber-uns\/ferry\/#breadcrumb","itemListElement":[{"@type":"ListItem","position":1,"name":"Startseite","item":"https:\/\/blog.alrisha.at\/blog\/"},{"@type":"ListItem","position":2,"name":"\u00dcber uns","item":"https:\/\/blog.alrisha.at\/blog\/ueber-uns\/"},{"@type":"ListItem","position":3,"name":"Ferry"}]},{"@type":"WebSite","@id":"https:\/\/blog.alrisha.at\/blog\/#website","url":"https:\/\/blog.alrisha.at\/blog\/","name":"Alrisha's Blog","description":"Segeln und Reisen mit einer Alubat OVNI 435","publisher":{"@id":"https:\/\/blog.alrisha.at\/blog\/#\/schema\/person\/a14f9bb0600b855612099346642e6222"},"potentialAction":[{"@type":"SearchAction","target":{"@type":"EntryPoint","urlTemplate":"https:\/\/blog.alrisha.at\/blog\/?s={search_term_string}"},"query-input":{"@type":"PropertyValueSpecification","valueRequired":true,"valueName":"search_term_string"}}],"inLanguage":"de"},{"@type":["Person","Organization"],"@id":"https:\/\/blog.alrisha.at\/blog\/#\/schema\/person\/a14f9bb0600b855612099346642e6222","name":"Alrisha Ovni 435","image":{"@type":"ImageObject","inLanguage":"de","@id":"https:\/\/secure.gravatar.com\/avatar\/b43cfbd3974a76ff88ad31f91f8efe03248d98ea8ffe2a1195b7017a18d6feda?s=96&d=mm&r=r","url":"https:\/\/secure.gravatar.com\/avatar\/b43cfbd3974a76ff88ad31f91f8efe03248d98ea8ffe2a1195b7017a18d6feda?s=96&d=mm&r=r","contentUrl":"https:\/\/secure.gravatar.com\/avatar\/b43cfbd3974a76ff88ad31f91f8efe03248d98ea8ffe2a1195b7017a18d6feda?s=96&d=mm&r=r","caption":"Alrisha Ovni 435"},"logo":{"@id":"https:\/\/secure.gravatar.com\/avatar\/b43cfbd3974a76ff88ad31f91f8efe03248d98ea8ffe2a1195b7017a18d6feda?s=96&d=mm&r=r"},"sameAs":["https:\/\/www.alrisha.at"]}]}},"jetpack_shortlink":"https:\/\/wp.me\/P5ztay-nHj","jetpack_sharing_enabled":true,"_links":{"self":[{"href":"https:\/\/blog.alrisha.at\/blog\/wp-json\/wp\/v2\/pages\/91097","targetHints":{"allow":["GET"]}}],"collection":[{"href":"https:\/\/blog.alrisha.at\/blog\/wp-json\/wp\/v2\/pages"}],"about":[{"href":"https:\/\/blog.alrisha.at\/blog\/wp-json\/wp\/v2\/types\/page"}],"author":[{"embeddable":true,"href":"https:\/\/blog.alrisha.at\/blog\/wp-json\/wp\/v2\/users\/2"}],"replies":[{"embeddable":true,"href":"https:\/\/blog.alrisha.at\/blog\/wp-json\/wp\/v2\/comments?post=91097"}],"version-history":[{"count":0,"href":"https:\/\/blog.alrisha.at\/blog\/wp-json\/wp\/v2\/pages\/91097\/revisions"}],"up":[{"embeddable":true,"href":"https:\/\/blog.alrisha.at\/blog\/wp-json\/wp\/v2\/pages\/91078"}],"wp:attachment":[{"href":"https:\/\/blog.alrisha.at\/blog\/wp-json\/wp\/v2\/media?parent=91097"}],"curies":[{"name":"wp","href":"https:\/\/api.w.org\/{rel}","templated":true}]}}