{"id":91083,"date":"2021-08-03T01:46:44","date_gmt":"2021-08-02T23:46:44","guid":{"rendered":"https:\/\/blog.alrisha.at\/blog\/?page_id=91083"},"modified":"2021-08-14T03:12:09","modified_gmt":"2021-08-14T01:12:09","slug":"brigitte","status":"publish","type":"page","link":"https:\/\/blog.alrisha.at\/blog\/ueber-uns\/brigitte\/","title":{"rendered":"Brigitte"},"content":{"rendered":"<blockquote><p><a href=\"https:\/\/blog.alrisha.at\/blog\/wp-content\/uploads\/2021\/08\/DSCN7303.jpg\"><img decoding=\"async\" data-attachment-id=\"91085\" data-permalink=\"https:\/\/blog.alrisha.at\/blog\/ueber-uns\/brigitte\/dscn7303-2\/\" data-orig-file=\"https:\/\/blog.alrisha.at\/blog\/wp-content\/uploads\/2021\/08\/DSCN7303.jpg\" data-orig-size=\"1024,768\" data-comments-opened=\"1\" data-image-meta=\"{&quot;aperture&quot;:&quot;6.7&quot;,&quot;credit&quot;:&quot;Picasa&quot;,&quot;camera&quot;:&quot;COOLPIX B700&quot;,&quot;caption&quot;:&quot;&quot;,&quot;created_timestamp&quot;:&quot;1611067596&quot;,&quot;copyright&quot;:&quot;&quot;,&quot;focal_length&quot;:&quot;17&quot;,&quot;iso&quot;:&quot;100&quot;,&quot;shutter_speed&quot;:&quot;0.004&quot;,&quot;title&quot;:&quot;&quot;,&quot;orientation&quot;:&quot;0&quot;}\" data-image-title=\"DSCN7303\" data-image-description=\"\" data-image-caption=\"\" data-large-file=\"https:\/\/blog.alrisha.at\/blog\/wp-content\/uploads\/2021\/08\/DSCN7303.jpg\" class=\"size-medium wp-image-91085 aligncenter\" src=\"https:\/\/blog.alrisha.at\/blog\/wp-content\/uploads\/2021\/08\/DSCN7303-300x225.jpg\" alt=\"\" width=\"300\" height=\"225\" srcset=\"https:\/\/blog.alrisha.at\/blog\/wp-content\/uploads\/2021\/08\/DSCN7303-300x225.jpg 300w, https:\/\/blog.alrisha.at\/blog\/wp-content\/uploads\/2021\/08\/DSCN7303-624x468.jpg 624w, https:\/\/blog.alrisha.at\/blog\/wp-content\/uploads\/2021\/08\/DSCN7303.jpg 1024w\" sizes=\"(max-width: 300px) 100vw, 300px\" \/><\/a><\/p>\n<p>Ich bin am 09. M\u00e4rz 1959 im Sternbild der Fische geboren. Schon als Kind fuhren meine Eltern mit uns auf den Neusiedlersee, wo nat\u00fcrlich auch gesegelt wurde. Dazwischen machte ich Versuche im &#8222;Stehsegeln&#8220; &#8211; andere sagen Windsurfen dazu, aber das war mir viel zu nass. 1986 lernte ich Ferry kennen. Bei seinem ersten Segelt\u00f6rn am Meer war ich noch nicht dabei, aber ab dann bei jeden. Das Segeln gefiel mir so gut, dass ich den B-Schein, sowohl f\u00fcr Segel- als auch f\u00fcr Motorboote, machte. Auch tauchen lernten wir gemeinsam. Langsam reifte der Wunsch nach einem gro\u00dfen Schiff und ich fand in Aquileia bei Grado &#8222;Spica&#8220;, die uns so gut gefiel, dass sie jetzt unsere &#8222;<b><span style=\"color: #000080;\">ALRISHA<\/span><\/b>&#8220; ist.<\/p><\/blockquote>\n<p>Inzwischen haben wir viele Seemeilen hinter uns gelassen, ganz viele Nachtschichten im finsteren N\u00e4chten verbracht, N\u00e4chte mit sterneklaren Himmel erlebt, Flauten und St\u00fcrme abgewettert, Gegen an gekn\u00fcppelt und vor dem Wind gesegelt, im Regen und im Sonnenschein unsere Wachen durchgef\u00fchrt und immer stand uns Alrisha eisern, \u00e4hh, &#8222;aluminern&#8220; beiseite.<\/p>\n<p>Viele L\u00e4nder, Inseln, Atolle haben wir bereist. Wir sind sicher nicht die schnellsten, denn die Hektik haben wir zu Hause vergessen, wir haben Zeit. Denn die Zeit ist das kostbarste Gut das wir haben.<\/p>\n<p><strong>Was mir bisher am besten gefallen hat?<\/strong> Peru war ein Highlight an Landschaft und Kultur. Mit Galapagos und seinen Tieren kann auch kaum etwas mithalten. Die Osterinsel mitten im &#8222;Nirgendwo&#8220; und ihre Br\u00e4uche und T\u00e4nze werde ich auch nicht vergessen. Und zum Schluss Pitcairn, eine Insel so schwer zum Anlanden wie selten wo &#8211; noch ein Fleckchen Erde, dass nur per Schiff zu bereisen ist.<\/p>\n<p><strong>Ob ich mir vorstellen kann in einem bereisten Land zu Leben?<\/strong> Ja, bis jetzt k\u00e4men f\u00fcr mich nur die Kanaren und da Teneriffa in Frage. Es bietet so vieles. Ich war sehr gerne dort.<\/p>\n<p>Auch konnte uns Corona nichts gro\u00dfes anhaben, denn wir sind in einem Land &#8222;gefangen&#8220;, dass fast so gro\u00df ist wie Europa. Die Menschen sind so freundlich und hilfsbereit und eigentlich sind wir frei, k\u00f6nnen segeln wohin wir wollen und uns alles ansehen &#8211; ohne Einschr\u00e4nkung.<\/p>\n<p><strong>Wie es weiter geht?<\/strong> So genau wissen wir es noch nicht. Neuseeland ist ein Traumziel von uns, aber die Grenzen im Westen sind alle zu. Nach Hawaii, Westk\u00fcste von USA und Mexiko w\u00e4re auch eine M\u00f6glichkeit. Die Entscheidung f\u00e4llt Ende des Jahres.<\/p>\n<p>Es war das beste was wir getan haben, einfach die Leinen zu l\u00f6sen und die hektische Welt hinter uns zu lassen. Auf dem Boot zu leben ist nicht immer einfach, aber es ist ein Leben mit der Natur und ein zur\u00fcck zur einfacheren Lebensweise.<\/p>\n<p style=\"text-align: center;\"><span style=\"color: #0000ff;\"><strong>Alrisha, ein Seil \u2013 das uns Fische verbindet.<\/strong><\/span><\/p>\n","protected":false},"excerpt":{"rendered":"<p>Ich bin am 09. M\u00e4rz 1959 im Sternbild der Fische geboren. Schon als Kind fuhren meine Eltern mit uns auf den Neusiedlersee, wo nat\u00fcrlich auch gesegelt wurde. Dazwischen machte ich Versuche im &#8222;Stehsegeln&#8220; &#8211; andere sagen Windsurfen dazu, aber das war mir viel zu nass. 1986 lernte ich Ferry kennen. Bei seinem ersten Segelt\u00f6rn am [&hellip;]<\/p>\n","protected":false},"author":2,"featured_media":0,"parent":91078,"menu_order":0,"comment_status":"closed","ping_status":"closed","template":"","meta":{"_crdt_document":"","jetpack_post_was_ever_published":false,"footnotes":""},"class_list":["post-91083","page","type-page","status-publish","hentry"],"yoast_head":"<!-- This site is optimized with the Yoast SEO plugin v27.4 - https:\/\/yoast.com\/product\/yoast-seo-wordpress\/ -->\n<title>Brigitte - Alrisha&#039;s Blog<\/title>\n<meta name=\"robots\" content=\"index, follow, max-snippet:-1, max-image-preview:large, max-video-preview:-1\" \/>\n<link rel=\"canonical\" href=\"https:\/\/blog.alrisha.at\/blog\/ueber-uns\/brigitte\/\" \/>\n<meta property=\"og:locale\" content=\"de_DE\" \/>\n<meta property=\"og:type\" content=\"article\" \/>\n<meta property=\"og:title\" content=\"Brigitte - Alrisha&#039;s Blog\" \/>\n<meta property=\"og:description\" content=\"Ich bin am 09. M\u00e4rz 1959 im Sternbild der Fische geboren. Schon als Kind fuhren meine Eltern mit uns auf den Neusiedlersee, wo nat\u00fcrlich auch gesegelt wurde. Dazwischen machte ich Versuche im &#8222;Stehsegeln&#8220; &#8211; andere sagen Windsurfen dazu, aber das war mir viel zu nass. 1986 lernte ich Ferry kennen. Bei seinem ersten Segelt\u00f6rn am [&hellip;]\" \/>\n<meta property=\"og:url\" content=\"https:\/\/blog.alrisha.at\/blog\/ueber-uns\/brigitte\/\" \/>\n<meta property=\"og:site_name\" content=\"Alrisha&#039;s Blog\" \/>\n<meta property=\"article:modified_time\" content=\"2021-08-14T01:12:09+00:00\" \/>\n<meta property=\"og:image\" content=\"https:\/\/blog.alrisha.at\/blog\/wp-content\/uploads\/2021\/08\/DSCN7303-300x225.jpg\" \/>\n<meta name=\"twitter:card\" content=\"summary_large_image\" \/>\n<meta name=\"twitter:label1\" content=\"Gesch\u00e4tzte Lesezeit\" \/>\n\t<meta name=\"twitter:data1\" content=\"3\u00a0Minuten\" \/>\n<script type=\"application\/ld+json\" class=\"yoast-schema-graph\">{\"@context\":\"https:\\\/\\\/schema.org\",\"@graph\":[{\"@type\":\"WebPage\",\"@id\":\"https:\\\/\\\/blog.alrisha.at\\\/blog\\\/ueber-uns\\\/brigitte\\\/\",\"url\":\"https:\\\/\\\/blog.alrisha.at\\\/blog\\\/ueber-uns\\\/brigitte\\\/\",\"name\":\"Brigitte - Alrisha&#039;s Blog\",\"isPartOf\":{\"@id\":\"https:\\\/\\\/blog.alrisha.at\\\/blog\\\/#website\"},\"primaryImageOfPage\":{\"@id\":\"https:\\\/\\\/blog.alrisha.at\\\/blog\\\/ueber-uns\\\/brigitte\\\/#primaryimage\"},\"image\":{\"@id\":\"https:\\\/\\\/blog.alrisha.at\\\/blog\\\/ueber-uns\\\/brigitte\\\/#primaryimage\"},\"thumbnailUrl\":\"https:\\\/\\\/blog.alrisha.at\\\/blog\\\/wp-content\\\/uploads\\\/2021\\\/08\\\/DSCN7303-300x225.jpg\",\"datePublished\":\"2021-08-02T23:46:44+00:00\",\"dateModified\":\"2021-08-14T01:12:09+00:00\",\"breadcrumb\":{\"@id\":\"https:\\\/\\\/blog.alrisha.at\\\/blog\\\/ueber-uns\\\/brigitte\\\/#breadcrumb\"},\"inLanguage\":\"de\",\"potentialAction\":[{\"@type\":\"ReadAction\",\"target\":[\"https:\\\/\\\/blog.alrisha.at\\\/blog\\\/ueber-uns\\\/brigitte\\\/\"]}]},{\"@type\":\"ImageObject\",\"inLanguage\":\"de\",\"@id\":\"https:\\\/\\\/blog.alrisha.at\\\/blog\\\/ueber-uns\\\/brigitte\\\/#primaryimage\",\"url\":\"https:\\\/\\\/blog.alrisha.at\\\/blog\\\/wp-content\\\/uploads\\\/2021\\\/08\\\/DSCN7303.jpg\",\"contentUrl\":\"https:\\\/\\\/blog.alrisha.at\\\/blog\\\/wp-content\\\/uploads\\\/2021\\\/08\\\/DSCN7303.jpg\",\"width\":1024,\"height\":768},{\"@type\":\"BreadcrumbList\",\"@id\":\"https:\\\/\\\/blog.alrisha.at\\\/blog\\\/ueber-uns\\\/brigitte\\\/#breadcrumb\",\"itemListElement\":[{\"@type\":\"ListItem\",\"position\":1,\"name\":\"Startseite\",\"item\":\"https:\\\/\\\/blog.alrisha.at\\\/blog\\\/\"},{\"@type\":\"ListItem\",\"position\":2,\"name\":\"\u00dcber uns\",\"item\":\"https:\\\/\\\/blog.alrisha.at\\\/blog\\\/ueber-uns\\\/\"},{\"@type\":\"ListItem\",\"position\":3,\"name\":\"Brigitte\"}]},{\"@type\":\"WebSite\",\"@id\":\"https:\\\/\\\/blog.alrisha.at\\\/blog\\\/#website\",\"url\":\"https:\\\/\\\/blog.alrisha.at\\\/blog\\\/\",\"name\":\"Alrisha's Blog\",\"description\":\"Segeln und Reisen mit einer Alubat OVNI 435\",\"publisher\":{\"@id\":\"https:\\\/\\\/blog.alrisha.at\\\/blog\\\/#\\\/schema\\\/person\\\/a14f9bb0600b855612099346642e6222\"},\"potentialAction\":[{\"@type\":\"SearchAction\",\"target\":{\"@type\":\"EntryPoint\",\"urlTemplate\":\"https:\\\/\\\/blog.alrisha.at\\\/blog\\\/?s={search_term_string}\"},\"query-input\":{\"@type\":\"PropertyValueSpecification\",\"valueRequired\":true,\"valueName\":\"search_term_string\"}}],\"inLanguage\":\"de\"},{\"@type\":[\"Person\",\"Organization\"],\"@id\":\"https:\\\/\\\/blog.alrisha.at\\\/blog\\\/#\\\/schema\\\/person\\\/a14f9bb0600b855612099346642e6222\",\"name\":\"Alrisha Ovni 435\",\"image\":{\"@type\":\"ImageObject\",\"inLanguage\":\"de\",\"@id\":\"https:\\\/\\\/secure.gravatar.com\\\/avatar\\\/b43cfbd3974a76ff88ad31f91f8efe03248d98ea8ffe2a1195b7017a18d6feda?s=96&d=mm&r=r\",\"url\":\"https:\\\/\\\/secure.gravatar.com\\\/avatar\\\/b43cfbd3974a76ff88ad31f91f8efe03248d98ea8ffe2a1195b7017a18d6feda?s=96&d=mm&r=r\",\"contentUrl\":\"https:\\\/\\\/secure.gravatar.com\\\/avatar\\\/b43cfbd3974a76ff88ad31f91f8efe03248d98ea8ffe2a1195b7017a18d6feda?s=96&d=mm&r=r\",\"caption\":\"Alrisha Ovni 435\"},\"logo\":{\"@id\":\"https:\\\/\\\/secure.gravatar.com\\\/avatar\\\/b43cfbd3974a76ff88ad31f91f8efe03248d98ea8ffe2a1195b7017a18d6feda?s=96&d=mm&r=r\"},\"sameAs\":[\"https:\\\/\\\/www.alrisha.at\"]}]}<\/script>\n<!-- \/ Yoast SEO plugin. -->","yoast_head_json":{"title":"Brigitte - Alrisha&#039;s Blog","robots":{"index":"index","follow":"follow","max-snippet":"max-snippet:-1","max-image-preview":"max-image-preview:large","max-video-preview":"max-video-preview:-1"},"canonical":"https:\/\/blog.alrisha.at\/blog\/ueber-uns\/brigitte\/","og_locale":"de_DE","og_type":"article","og_title":"Brigitte - Alrisha&#039;s Blog","og_description":"Ich bin am 09. M\u00e4rz 1959 im Sternbild der Fische geboren. Schon als Kind fuhren meine Eltern mit uns auf den Neusiedlersee, wo nat\u00fcrlich auch gesegelt wurde. Dazwischen machte ich Versuche im &#8222;Stehsegeln&#8220; &#8211; andere sagen Windsurfen dazu, aber das war mir viel zu nass. 1986 lernte ich Ferry kennen. Bei seinem ersten Segelt\u00f6rn am [&hellip;]","og_url":"https:\/\/blog.alrisha.at\/blog\/ueber-uns\/brigitte\/","og_site_name":"Alrisha&#039;s Blog","article_modified_time":"2021-08-14T01:12:09+00:00","og_image":[{"url":"https:\/\/blog.alrisha.at\/blog\/wp-content\/uploads\/2021\/08\/DSCN7303-300x225.jpg","type":"","width":"","height":""}],"twitter_card":"summary_large_image","twitter_misc":{"Gesch\u00e4tzte Lesezeit":"3\u00a0Minuten"},"schema":{"@context":"https:\/\/schema.org","@graph":[{"@type":"WebPage","@id":"https:\/\/blog.alrisha.at\/blog\/ueber-uns\/brigitte\/","url":"https:\/\/blog.alrisha.at\/blog\/ueber-uns\/brigitte\/","name":"Brigitte - Alrisha&#039;s Blog","isPartOf":{"@id":"https:\/\/blog.alrisha.at\/blog\/#website"},"primaryImageOfPage":{"@id":"https:\/\/blog.alrisha.at\/blog\/ueber-uns\/brigitte\/#primaryimage"},"image":{"@id":"https:\/\/blog.alrisha.at\/blog\/ueber-uns\/brigitte\/#primaryimage"},"thumbnailUrl":"https:\/\/blog.alrisha.at\/blog\/wp-content\/uploads\/2021\/08\/DSCN7303-300x225.jpg","datePublished":"2021-08-02T23:46:44+00:00","dateModified":"2021-08-14T01:12:09+00:00","breadcrumb":{"@id":"https:\/\/blog.alrisha.at\/blog\/ueber-uns\/brigitte\/#breadcrumb"},"inLanguage":"de","potentialAction":[{"@type":"ReadAction","target":["https:\/\/blog.alrisha.at\/blog\/ueber-uns\/brigitte\/"]}]},{"@type":"ImageObject","inLanguage":"de","@id":"https:\/\/blog.alrisha.at\/blog\/ueber-uns\/brigitte\/#primaryimage","url":"https:\/\/blog.alrisha.at\/blog\/wp-content\/uploads\/2021\/08\/DSCN7303.jpg","contentUrl":"https:\/\/blog.alrisha.at\/blog\/wp-content\/uploads\/2021\/08\/DSCN7303.jpg","width":1024,"height":768},{"@type":"BreadcrumbList","@id":"https:\/\/blog.alrisha.at\/blog\/ueber-uns\/brigitte\/#breadcrumb","itemListElement":[{"@type":"ListItem","position":1,"name":"Startseite","item":"https:\/\/blog.alrisha.at\/blog\/"},{"@type":"ListItem","position":2,"name":"\u00dcber uns","item":"https:\/\/blog.alrisha.at\/blog\/ueber-uns\/"},{"@type":"ListItem","position":3,"name":"Brigitte"}]},{"@type":"WebSite","@id":"https:\/\/blog.alrisha.at\/blog\/#website","url":"https:\/\/blog.alrisha.at\/blog\/","name":"Alrisha's Blog","description":"Segeln und Reisen mit einer Alubat OVNI 435","publisher":{"@id":"https:\/\/blog.alrisha.at\/blog\/#\/schema\/person\/a14f9bb0600b855612099346642e6222"},"potentialAction":[{"@type":"SearchAction","target":{"@type":"EntryPoint","urlTemplate":"https:\/\/blog.alrisha.at\/blog\/?s={search_term_string}"},"query-input":{"@type":"PropertyValueSpecification","valueRequired":true,"valueName":"search_term_string"}}],"inLanguage":"de"},{"@type":["Person","Organization"],"@id":"https:\/\/blog.alrisha.at\/blog\/#\/schema\/person\/a14f9bb0600b855612099346642e6222","name":"Alrisha Ovni 435","image":{"@type":"ImageObject","inLanguage":"de","@id":"https:\/\/secure.gravatar.com\/avatar\/b43cfbd3974a76ff88ad31f91f8efe03248d98ea8ffe2a1195b7017a18d6feda?s=96&d=mm&r=r","url":"https:\/\/secure.gravatar.com\/avatar\/b43cfbd3974a76ff88ad31f91f8efe03248d98ea8ffe2a1195b7017a18d6feda?s=96&d=mm&r=r","contentUrl":"https:\/\/secure.gravatar.com\/avatar\/b43cfbd3974a76ff88ad31f91f8efe03248d98ea8ffe2a1195b7017a18d6feda?s=96&d=mm&r=r","caption":"Alrisha Ovni 435"},"logo":{"@id":"https:\/\/secure.gravatar.com\/avatar\/b43cfbd3974a76ff88ad31f91f8efe03248d98ea8ffe2a1195b7017a18d6feda?s=96&d=mm&r=r"},"sameAs":["https:\/\/www.alrisha.at"]}]}},"jetpack_shortlink":"https:\/\/wp.me\/P5ztay-nH5","jetpack_sharing_enabled":true,"_links":{"self":[{"href":"https:\/\/blog.alrisha.at\/blog\/wp-json\/wp\/v2\/pages\/91083","targetHints":{"allow":["GET"]}}],"collection":[{"href":"https:\/\/blog.alrisha.at\/blog\/wp-json\/wp\/v2\/pages"}],"about":[{"href":"https:\/\/blog.alrisha.at\/blog\/wp-json\/wp\/v2\/types\/page"}],"author":[{"embeddable":true,"href":"https:\/\/blog.alrisha.at\/blog\/wp-json\/wp\/v2\/users\/2"}],"replies":[{"embeddable":true,"href":"https:\/\/blog.alrisha.at\/blog\/wp-json\/wp\/v2\/comments?post=91083"}],"version-history":[{"count":0,"href":"https:\/\/blog.alrisha.at\/blog\/wp-json\/wp\/v2\/pages\/91083\/revisions"}],"up":[{"embeddable":true,"href":"https:\/\/blog.alrisha.at\/blog\/wp-json\/wp\/v2\/pages\/91078"}],"wp:attachment":[{"href":"https:\/\/blog.alrisha.at\/blog\/wp-json\/wp\/v2\/media?parent=91083"}],"curies":[{"name":"wp","href":"https:\/\/api.w.org\/{rel}","templated":true}]}}